{"id":2,"date":"2024-07-13T13:42:16","date_gmt":"2024-07-13T13:42:16","guid":{"rendered":"https:\/\/kupferpfanne-niestetal.de\/?page_id=2"},"modified":"2024-07-14T17:22:43","modified_gmt":"2024-07-14T15:22:43","slug":"sample-page","status":"publish","type":"page","link":"https:\/\/kupferpfanne-niestetal.de\/","title":{"rendered":"Herzlich willkommen"},"content":{"rendered":"\n<p>Herzlich willkommen in meiner kleinen aber gem\u00fctlichen Kupferpfanne am Rande des Niestetaler Ortsteils Heiligenrode. Ich bin \u00fcbrigens Anna und freue mich, Euch mit meinen hausgemachten Speisen der traditionellen deutschen K\u00fcche zu verw\u00f6hnen.<\/p>\n\n\n\n<p>Mein Lokal bietet zum einen ein Bistro zum kurzzeitigen Verbleib als auch eine kleine Stube zum entspannten l\u00e4ngeren Verweilen.<\/p>\n\n\n\n<p>An meiner Theke tummeln sich so manche Stammg\u00e4ste, die sich stets freuen, wenn neue Gesichter die Runde begeistern. Und wer es in die Knobel- oder Dartrunden geschafft hat, der ist endg\u00fcltig bei mir und meinen G\u00e4sten angekommen.<\/p>\n\n\n\n<blockquote class=\"wp-block-quote is-layout-flow wp-block-quote-is-layout-flow\">\n<div class=\"wp-block-columns is-layout-flex wp-container-core-columns-is-layout-28f84493 wp-block-columns-is-layout-flex\">\n<div class=\"wp-block-column is-layout-flow wp-block-column-is-layout-flow\" style=\"flex-basis:33.33%\">\n<figure class=\"wp-block-image size-large\"><a href=\"https:\/\/kupferpfanne-niestetal.de\/wp-content\/uploads\/2024\/07\/Kupferpfanne-Speisekarte.pdf\"><img loading=\"lazy\" decoding=\"async\" width=\"722\" height=\"1024\" src=\"https:\/\/kupferpfanne-niestetal.de\/wp-content\/uploads\/2024\/07\/Kupferpfanne-Speisekarte-722x1024.jpg\" alt=\"\" class=\"wp-image-13\" srcset=\"https:\/\/kupferpfanne-niestetal.de\/wp-content\/uploads\/2024\/07\/Kupferpfanne-Speisekarte-722x1024.jpg 722w, https:\/\/kupferpfanne-niestetal.de\/wp-content\/uploads\/2024\/07\/Kupferpfanne-Speisekarte-211x300.jpg 211w, https:\/\/kupferpfanne-niestetal.de\/wp-content\/uploads\/2024\/07\/Kupferpfanne-Speisekarte-768x1090.jpg 768w, https:\/\/kupferpfanne-niestetal.de\/wp-content\/uploads\/2024\/07\/Kupferpfanne-Speisekarte-1083x1536.jpg 1083w, https:\/\/kupferpfanne-niestetal.de\/wp-content\/uploads\/2024\/07\/Kupferpfanne-Speisekarte-1444x2048.jpg 1444w, https:\/\/kupferpfanne-niestetal.de\/wp-content\/uploads\/2024\/07\/Kupferpfanne-Speisekarte.jpg 1748w\" sizes=\"auto, (max-width: 722px) 100vw, 722px\" \/><\/a><\/figure>\n<\/div>\n\n\n\n<div class=\"wp-block-column is-layout-flow wp-block-column-is-layout-flow\" style=\"flex-basis:66.66%\">\n<h2 class=\"wp-block-heading\">Speisekarte<\/h2>\n\n\n\n<p>Werfen Sie doch gerne einen Blick in unsere kleine Speisen- und Getr\u00e4nkekarte<\/p>\n<\/div>\n<\/div>\n<\/blockquote>\n\n\n\n<h2 class=\"wp-block-heading has-text-align-center\">Unsere \u00d6ffnungszeiten<\/h2>\n\n\n\n<h3 class=\"wp-block-heading has-text-align-center\">Imbiss<\/h3>\n\n\n\n<p class=\"has-text-align-center\">Montag bis Samstag<br>09:00 Uhr bis 22:00 Uhr<\/p>\n\n\n\n<p class=\"has-text-align-center\">Sonntag<br>10:00 Uhr bis 18:00 Uhr<\/p>\n\n\n\n<h3 class=\"wp-block-heading has-text-align-center\">Bar<\/h3>\n\n\n\n<p class=\"has-text-align-center\">Montag bis Samstag<br>09:00 Uhr bis 23:00 Uhr<\/p>\n\n\n\n<p class=\"has-text-align-center\">Sonntag<br>10:00 Uhr bis 18:00 Uhr<\/p>\n\n\n\n<blockquote class=\"wp-block-quote is-layout-flow wp-block-quote-is-layout-flow\">\n<div class=\"wp-block-columns is-layout-flex wp-container-core-columns-is-layout-28f84493 wp-block-columns-is-layout-flex\">\n<div class=\"wp-block-column is-layout-flow wp-block-column-is-layout-flow\" style=\"flex-basis:33.33%\">\n<figure class=\"wp-block-image size-full is-resized\"><img loading=\"lazy\" decoding=\"async\" width=\"655\" height=\"908\" src=\"https:\/\/kupferpfanne-niestetal.de\/wp-content\/uploads\/2024\/07\/pexels-wdnet-887751_inPixio.jpg\" alt=\"\" class=\"wp-image-35\" style=\"width:168px;height:auto\" srcset=\"https:\/\/kupferpfanne-niestetal.de\/wp-content\/uploads\/2024\/07\/pexels-wdnet-887751_inPixio.jpg 655w, https:\/\/kupferpfanne-niestetal.de\/wp-content\/uploads\/2024\/07\/pexels-wdnet-887751_inPixio-216x300.jpg 216w\" sizes=\"auto, (max-width: 655px) 100vw, 655px\" \/><\/figure>\n<\/div>\n\n\n\n<div class=\"wp-block-column is-layout-flow wp-block-column-is-layout-flow\" style=\"flex-basis:66.66%\">\n<h2 class=\"wp-block-heading\">Kontakt<\/h2>\n\n\n\n<p>Solltest Du Fragen an mich haben, erreichst Du mich unter 0561 \/ 527404.<\/p>\n<\/div>\n<\/div>\n<\/blockquote>\n\n\n\n<h2 class=\"wp-block-heading has-text-align-center\">So findest Du uns<\/h2>\n\n\n\n<p class=\"has-text-align-center\">Kasseler Stra\u00dfe 113, 34266 Niestetal<\/p>\n\n\n\n<figure class=\"wp-block-image size-full\"><img loading=\"lazy\" decoding=\"async\" width=\"760\" height=\"369\" src=\"https:\/\/kupferpfanne-niestetal.de\/wp-content\/uploads\/2024\/07\/Anfahrt.png\" alt=\"\" class=\"wp-image-16\" srcset=\"https:\/\/kupferpfanne-niestetal.de\/wp-content\/uploads\/2024\/07\/Anfahrt.png 760w, https:\/\/kupferpfanne-niestetal.de\/wp-content\/uploads\/2024\/07\/Anfahrt-300x146.png 300w\" sizes=\"auto, (max-width: 760px) 100vw, 760px\" \/><\/figure>\n","protected":false},"excerpt":{"rendered":"<p>Herzlich willkommen in meiner kleinen aber gem\u00fctlichen Kupferpfanne am Rande des Niestetaler Ortsteils Heiligenrode. Ich bin \u00fcbrigens Anna und freue mich, Euch mit meinen hausgemachten Speisen der traditionellen deutschen K\u00fcche zu verw\u00f6hnen. Mein Lokal bietet zum einen ein Bistro zum kurzzeitigen Verbleib als auch eine kleine Stube zum entspannten l\u00e4ngeren Verweilen. An meiner Theke tummeln [&hellip;]<\/p>\n","protected":false},"author":1,"featured_media":9,"parent":0,"menu_order":0,"comment_status":"closed","ping_status":"open","template":"","meta":{"footnotes":""},"class_list":["post-2","page","type-page","status-publish","has-post-thumbnail","hentry"],"_links":{"self":[{"href":"https:\/\/kupferpfanne-niestetal.de\/index.php\/wp-json\/wp\/v2\/pages\/2","targetHints":{"allow":["GET"]}}],"collection":[{"href":"https:\/\/kupferpfanne-niestetal.de\/index.php\/wp-json\/wp\/v2\/pages"}],"about":[{"href":"https:\/\/kupferpfanne-niestetal.de\/index.php\/wp-json\/wp\/v2\/types\/page"}],"author":[{"embeddable":true,"href":"https:\/\/kupferpfanne-niestetal.de\/index.php\/wp-json\/wp\/v2\/users\/1"}],"replies":[{"embeddable":true,"href":"https:\/\/kupferpfanne-niestetal.de\/index.php\/wp-json\/wp\/v2\/comments?post=2"}],"version-history":[{"count":11,"href":"https:\/\/kupferpfanne-niestetal.de\/index.php\/wp-json\/wp\/v2\/pages\/2\/revisions"}],"predecessor-version":[{"id":36,"href":"https:\/\/kupferpfanne-niestetal.de\/index.php\/wp-json\/wp\/v2\/pages\/2\/revisions\/36"}],"wp:featuredmedia":[{"embeddable":true,"href":"https:\/\/kupferpfanne-niestetal.de\/index.php\/wp-json\/wp\/v2\/media\/9"}],"wp:attachment":[{"href":"https:\/\/kupferpfanne-niestetal.de\/index.php\/wp-json\/wp\/v2\/media?parent=2"}],"curies":[{"name":"wp","href":"https:\/\/api.w.org\/{rel}","templated":true}]}}